{"id":21,"date":"2021-04-27T11:25:28","date_gmt":"2021-04-27T09:25:28","guid":{"rendered":"http:\/\/lelab-consulting.fr\/?page_id=21"},"modified":"2021-04-27T19:44:34","modified_gmt":"2021-04-27T17:44:34","slug":"contact","status":"publish","type":"page","link":"http:\/\/lelab-consulting.fr\/?page_id=21","title":{"rendered":"Contact"},"content":{"rendered":"\n<p>Contactez-nous pour nous parler de vos projets. Nous ferons tout d&#8217;abord connaissance et r\u00e9fl\u00e9chirons ensemble et en toute confidentialit\u00e9 de la meilleure fa\u00e7on de les aborder.<\/p>\n","protected":false},"excerpt":{"rendered":"<p>Contactez-nous pour nous parler de vos projets. Nous ferons tout d&#8217;abord connaissance et r\u00e9fl\u00e9chirons ensemble et en toute confidentialit\u00e9 de la meilleure fa\u00e7on de les aborder.<\/p>\n","protected":false},"author":1,"featured_media":16,"parent":0,"menu_order":0,"comment_status":"closed","ping_status":"closed","template":"","meta":[],"_links":{"self":[{"href":"http:\/\/lelab-consulting.fr\/index.php?rest_route=\/wp\/v2\/pages\/21"}],"collection":[{"href":"http:\/\/lelab-consulting.fr\/index.php?rest_route=\/wp\/v2\/pages"}],"about":[{"href":"http:\/\/lelab-consulting.fr\/index.php?rest_route=\/wp\/v2\/types\/page"}],"author":[{"embeddable":true,"href":"http:\/\/lelab-consulting.fr\/index.php?rest_route=\/wp\/v2\/users\/1"}],"replies":[{"embeddable":true,"href":"http:\/\/lelab-consulting.fr\/index.php?rest_route=%2Fwp%2Fv2%2Fcomments&post=21"}],"version-history":[{"count":2,"href":"http:\/\/lelab-consulting.fr\/index.php?rest_route=\/wp\/v2\/pages\/21\/revisions"}],"predecessor-version":[{"id":83,"href":"http:\/\/lelab-consulting.fr\/index.php?rest_route=\/wp\/v2\/pages\/21\/revisions\/83"}],"wp:featuredmedia":[{"embeddable":true,"href":"http:\/\/lelab-consulting.fr\/index.php?rest_route=\/wp\/v2\/media\/16"}],"wp:attachment":[{"href":"http:\/\/lelab-consulting.fr\/index.php?rest_route=%2Fwp%2Fv2%2Fmedia&parent=21"}],"curies":[{"name":"wp","href":"https:\/\/api.w.org\/{rel}","templated":true}]}}